{"id":57,"date":"2017-06-28T12:42:07","date_gmt":"2017-06-28T19:42:07","guid":{"rendered":"http:\/\/www.wismettacusa.com\/ca\/?page_id=57"},"modified":"2021-01-21T15:11:15","modified_gmt":"2021-01-21T23:11:15","slug":"about-us","status":"publish","type":"page","link":"https:\/\/wismettacusa.com\/ca\/fr\/about-us\/","title":{"rendered":"\u00c0 propos"},"content":{"rendered":"<p>&nbsp;<\/p>\n<p>Aliments Asiatiques Wismettac Inc. est une partie vitale du groupe Nishimoto Wismettac qui compte plus de 1200 employ\u00e9s r\u00e9partis sur 40 sites dans le monde et a g\u00e9n\u00e9r\u00e9 plus de 1,4 milliard de dollars de ventes en 2016.<\/p>\n<p>Aliments Asiatiques Wismettac Inc., dont la maison m\u00e8re a \u00e9t\u00e9 cr\u00e9\u00e9e \u00e0 Kobe, au Japon en 1912, \u00a0fait partie d&#8217;un groupe de soci\u00e9t\u00e9s qui est l&#8217;un des fabricants, importateurs, grossistes et distributeurs de produits alimentaires asiatiques de premi\u00e8re qualit\u00e9 en Am\u00e9rique du Nord.<\/p>\n<p>Nos succ\u00e8s gr\u00e2ce au travail acharn\u00e9 et au d\u00e9vouement de nos employ\u00e9s, qui sont des experts de l\u2019alimentation Asiatique et de l\u2019industrie du service alimentaire.\u00a0 Notre croissance peut aussi \u00eatre attribu\u00e9e au soutien constant et \u00e0 la coop\u00e9ration de nos clients et de nos fournisseurs.\u00a0 Nous leur exprimons de ce fait nos sinc\u00e8res remerciements et appr\u00e9ciation.<\/p>\n<p>&nbsp;<\/p>\n<p>&nbsp;<\/p>\n","protected":false},"excerpt":{"rendered":"<p>&nbsp; Aliments Asiatiques Wismettac Inc. est une partie vitale du groupe Nishimoto Wismettac qui compte plus de 1200 employ\u00e9s r\u00e9partis sur 40 sites dans le monde et a g\u00e9n\u00e9r\u00e9 plus de 1,4 milliard de dollars de ventes en 2016. Aliments Asiatiques Wismettac Inc., dont la maison m\u00e8re a \u00e9t\u00e9 cr\u00e9\u00e9e \u00e0 Kobe, au Japon en [&#8230;]<\/p>\n<p><a class=\"btn btn-secondary understrap-read-more-link\" href=\"https:\/\/wismettacusa.com\/ca\/fr\/about-us\/\">Read More&#8230;<\/a><\/p>\n","protected":false},"author":3,"featured_media":0,"parent":27,"menu_order":20,"comment_status":"closed","ping_status":"closed","template":"page-templates\/fullwidthpage-fr.php","meta":{"_acf_changed":false,"footnotes":"","_links_to":"","_links_to_target":""},"class_list":["post-57","page","type-page","status-publish","hentry"],"acf":[],"aioseo_notices":[],"_links":{"self":[{"href":"https:\/\/wismettacusa.com\/ca\/wp-json\/wp\/v2\/pages\/57","targetHints":{"allow":["GET"]}}],"collection":[{"href":"https:\/\/wismettacusa.com\/ca\/wp-json\/wp\/v2\/pages"}],"about":[{"href":"https:\/\/wismettacusa.com\/ca\/wp-json\/wp\/v2\/types\/page"}],"author":[{"embeddable":true,"href":"https:\/\/wismettacusa.com\/ca\/wp-json\/wp\/v2\/users\/3"}],"replies":[{"embeddable":true,"href":"https:\/\/wismettacusa.com\/ca\/wp-json\/wp\/v2\/comments?post=57"}],"version-history":[{"count":15,"href":"https:\/\/wismettacusa.com\/ca\/wp-json\/wp\/v2\/pages\/57\/revisions"}],"predecessor-version":[{"id":442,"href":"https:\/\/wismettacusa.com\/ca\/wp-json\/wp\/v2\/pages\/57\/revisions\/442"}],"up":[{"embeddable":true,"href":"https:\/\/wismettacusa.com\/ca\/wp-json\/wp\/v2\/pages\/27"}],"wp:attachment":[{"href":"https:\/\/wismettacusa.com\/ca\/wp-json\/wp\/v2\/media?parent=57"}],"curies":[{"name":"wp","href":"https:\/\/api.w.org\/{rel}","templated":true}]}}