{"id":463,"date":"2021-03-05T18:36:09","date_gmt":"2021-03-06T02:36:09","guid":{"rendered":"http:\/\/www.wismettacusa.com\/ca\/?page_id=463"},"modified":"2021-10-25T16:48:17","modified_gmt":"2021-10-25T23:48:17","slug":"systeme-de-paiement-en-ligne-et-donnees-sur-le-compte-client","status":"publish","type":"page","link":"https:\/\/wismettacusa.com\/ca\/services-en-ligne\/systeme-de-paiement-en-ligne-et-donnees-sur-le-compte-client\/","title":{"rendered":"Syst\u00e8me de paiement en ligne et donn\u00e9es sur le compte client"},"content":{"rendered":"<p><strong>EFFECTUER UN PAIEMENT &#8211; AVIS DE NON-RESPONSABILIT\u00c9<\/strong><\/p>\n<p>Un syst\u00e8me de paiement en ligne est d\u00e9sormais offert aux<span style=\"text-decoration: underline;\"> clients canadiens et am\u00e9ricains<\/span>. Si vous \u00eates un client am\u00e9ricain, cliquez <a href=\"https:\/\/www.wismettacusa.com\/customer-log-in\/online-payment-system-ops\/\">ici<\/a>.<\/p>\n<p>Vous serez redirig\u00e9 vers un site externe g\u00e9r\u00e9 en sous-traitance par Wismettac Asian Foods, Inc. qui traite les paiements \u00e9lectroniques.<\/p>\n<hr \/>\n<h5><strong><em>Adoptez la formule Relev\u00e9s \u00e9lectroniques.<\/em><\/strong><\/h5>\n<p>Ne recevez plus de relev\u00e9s sur papier dans votre courrier. Consultez, t\u00e9l\u00e9chargez et\/ou imprimez plut\u00f4t vos relev\u00e9s, en toute s\u00e9curit\u00e9, \u00e0 partir du syst\u00e8me en ligne Billtrust \u00e0 n\u2019importe quel moment.<\/p>\n<ul>\n<li>Aidez \u00e0 limiter le nombre de courriers perdus ou vol\u00e9s<\/li>\n<li>Recevez un avis par courriel lorsque votre relev\u00e9 est pr\u00eat \u00e0 \u00eatre consult\u00e9<\/li>\n<li>Acc\u00e9dez facilement \u00e0 vos relev\u00e9s en ligne \u00e0 chaque fois que vous en avez besoin.<\/li>\n<\/ul>\n<p><a href=\"https:\/\/wismettacusa.com\/ca\/wp-content\/uploads\/2021\/10\/WAF_PAPERLESS_CANADA_FR.pdf\" target=\"_blank\" rel=\"noopener\">Pour g\u00e9rer vos param\u00e8tres \u201cRelev\u00e9s \u00e9lectroniques\u201d. &gt;&gt;<\/a><\/p>\n<hr \/>\n<h2><strong><span style=\"color: #000000;\">Acc\u00e8s au syst\u00e8me de paiement en ligne au Canada et aux donn\u00e9es sur le compte<\/span><br \/>\n <\/strong><\/h2>\n<p>Si vous souhaitez commencer la facturation en ligne et que vous acceptez ces conditions, cliquez sur <strong>Agree (Accepter)<\/strong>. Sinon, cliquez sur Disagree (Refuser) pour sortir du site.<\/p>\n<table class=\" alignleft\" border=\"0\" width=\"206px\" cellspacing=\"2\" cellpadding=\"0\">\n<tbody>\n<tr>\n<td><a href=\"https:\/\/secure.billtrust.com\/WISMETTACCA\/ig\/signin\" target=\"_blank\" rel=\"noopener\"><img loading=\"lazy\" decoding=\"async\" class=\"alignleft wp-image-1915 size-full\" src=\"https:\/\/wismettacusa.com\/ca\/wp-content\/uploads\/2021\/03\/Accepter.png\" alt=\"\" width=\"100\" height=\"33\" \/><\/a><\/td>\n<td><a href=\"https:\/\/wismettacusa.com\/ca\/\"><img loading=\"lazy\" decoding=\"async\" class=\"alignleft wp-image-1916 size-full\" src=\"https:\/\/wismettacusa.com\/ca\/wp-content\/uploads\/2021\/03\/Refuser.png\" alt=\"\" width=\"100\" height=\"33\" \/><\/a><\/td>\n<\/tr>\n<\/tbody>\n<\/table>\n<p>&nbsp;<\/p>\n<p>&nbsp;<\/p>\n<p><strong>REMARQUE &#8211;<\/strong> Vous devez disposer d\u2019un num\u00e9ro de compte client et d\u2019un <span style=\"color: #ff0000;\"><strong>num\u00e9ro de facture r\u00e9cent<\/strong><\/span> pour vous inscrire et cr\u00e9er un <strong>nom d\u2019utilisateur et un mot de passe.<\/strong> <br \/>\n Donn\u00e9es historiques offertes \u00e0 partir de novembre 2020.<\/p>\n<p>&nbsp;<\/p>\n<hr \/>\n<p><em>Thank you for your business.<\/em><\/p>\n","protected":false},"excerpt":{"rendered":"<p>EFFECTUER UN PAIEMENT &#8211; AVIS DE NON-RESPONSABILIT\u00c9 Un syst\u00e8me de paiement en ligne est d\u00e9sormais offert aux clients canadiens et am\u00e9ricains. Si vous \u00eates un client am\u00e9ricain, cliquez ici. Vous serez redirig\u00e9 vers un site externe g\u00e9r\u00e9 en sous-traitance par Wismettac Asian Foods, Inc. qui traite les paiements \u00e9lectroniques. Adoptez la formule Relev\u00e9s \u00e9lectroniques. Ne [&#8230;]<\/p>\n<p><a class=\"btn btn-secondary understrap-read-more-link\" href=\"https:\/\/wismettacusa.com\/ca\/services-en-ligne\/systeme-de-paiement-en-ligne-et-donnees-sur-le-compte-client\/\">Read More&#8230;<\/a><\/p>\n","protected":false},"author":3,"featured_media":0,"parent":432,"menu_order":3,"comment_status":"closed","ping_status":"closed","template":"page-templates\/fullwidthpage-fr.php","meta":{"_acf_changed":false,"footnotes":"","_links_to":"","_links_to_target":""},"class_list":["post-463","page","type-page","status-publish","hentry"],"acf":[],"aioseo_notices":[],"_links":{"self":[{"href":"https:\/\/wismettacusa.com\/ca\/wp-json\/wp\/v2\/pages\/463","targetHints":{"allow":["GET"]}}],"collection":[{"href":"https:\/\/wismettacusa.com\/ca\/wp-json\/wp\/v2\/pages"}],"about":[{"href":"https:\/\/wismettacusa.com\/ca\/wp-json\/wp\/v2\/types\/page"}],"author":[{"embeddable":true,"href":"https:\/\/wismettacusa.com\/ca\/wp-json\/wp\/v2\/users\/3"}],"replies":[{"embeddable":true,"href":"https:\/\/wismettacusa.com\/ca\/wp-json\/wp\/v2\/comments?post=463"}],"version-history":[{"count":14,"href":"https:\/\/wismettacusa.com\/ca\/wp-json\/wp\/v2\/pages\/463\/revisions"}],"predecessor-version":[{"id":521,"href":"https:\/\/wismettacusa.com\/ca\/wp-json\/wp\/v2\/pages\/463\/revisions\/521"}],"up":[{"embeddable":true,"href":"https:\/\/wismettacusa.com\/ca\/wp-json\/wp\/v2\/pages\/432"}],"wp:attachment":[{"href":"https:\/\/wismettacusa.com\/ca\/wp-json\/wp\/v2\/media?parent=463"}],"curies":[{"name":"wp","href":"https:\/\/api.w.org\/{rel}","templated":true}]}}