{"id":149,"date":"2017-07-07T12:29:44","date_gmt":"2017-07-07T19:29:44","guid":{"rendered":"http:\/\/www.wismettacusa.com\/ca\/?page_id=149"},"modified":"2025-10-23T13:40:52","modified_gmt":"2025-10-23T20:40:52","slug":"employment","status":"publish","type":"page","link":"https:\/\/wismettacusa.com\/ca\/fr\/employment\/","title":{"rendered":"Emplois"},"content":{"rendered":"<h3>D\u00e9couvrez votre nouvelle carri\u00e8re chez Wismettac Asian Foods !<\/h3>\n<p>Chez Aliments Asiatiques Wismettac Inc., nous comprenons que notre succ\u00e8s dans la vente de nos produits d\u00e9pend de la diversit\u00e9 de notre \u00e9quipe de travail.\u00a0 Nous offrons des d\u00e9fis excitants \u00e0 nos associ\u00e9s et la chance de grandir sur les plans personnels et professionnels dans notre organisation, de contribuer au succ\u00e8s de notre compagnie, ainsi que de servir nos clients en surpassant leurs attentes.\u00a0 Que vous vous joignez \u00e0 l\u2019\u00e9quipe dans une succursale locale ou dans les quartiers g\u00e9n\u00e9raux, vous verrez que l\u2019entreprise Aliments Asiatiques Wismettac Inc. est un excellent environnement de travail\u00a0!<\/p>\n<p>Aliments Asiatiques Wismettac Inc. souscrit au concept de l\u2019\u00e9galit\u00e9 \u00e0 l\u2019emploi.\u00a0 Nous croyons que vos qualifications et vos m\u00e9rites professionnels sont les r\u00e9els crit\u00e8res de s\u00e9lection d\u2019embauche.\u00a0 Nous ne discriminons pas selon la race, la religion, l\u2019origine nationale, votre h\u00e9ritage, la possibilit\u00e9 d\u2019\u00eatre enceinte, votre sexe, votre statut civil, un handicap, votre identit\u00e9 sexuelle, ou tout autre caract\u00e9ristique prot\u00e9g\u00e9e par la loi.<\/p>\n<p><a href=\"https:\/\/jobs.dayforcehcm.com\/fr-CA\/wafna\/CANCAREERSITE\" target=\"_blank\" rel=\"noopener\">Recherchez les Emplois Disponibles au CANADA<\/a><\/p>\n","protected":false},"excerpt":{"rendered":"<p>D\u00e9couvrez votre nouvelle carri\u00e8re chez Wismettac Asian Foods ! Chez Aliments Asiatiques Wismettac Inc., nous comprenons que notre succ\u00e8s dans la vente de nos produits d\u00e9pend de la diversit\u00e9 de notre \u00e9quipe de travail.\u00a0 Nous offrons des d\u00e9fis excitants \u00e0 nos associ\u00e9s et la chance de grandir sur les plans personnels et professionnels dans notre [&#8230;]<\/p>\n<p><a class=\"btn btn-secondary understrap-read-more-link\" href=\"https:\/\/wismettacusa.com\/ca\/fr\/employment\/\">Read More&#8230;<\/a><\/p>\n","protected":false},"author":3,"featured_media":0,"parent":27,"menu_order":23,"comment_status":"closed","ping_status":"closed","template":"","meta":{"_acf_changed":false,"footnotes":"","_links_to":"","_links_to_target":""},"class_list":["post-149","page","type-page","status-publish","hentry"],"acf":[],"aioseo_notices":[],"_links":{"self":[{"href":"https:\/\/wismettacusa.com\/ca\/wp-json\/wp\/v2\/pages\/149","targetHints":{"allow":["GET"]}}],"collection":[{"href":"https:\/\/wismettacusa.com\/ca\/wp-json\/wp\/v2\/pages"}],"about":[{"href":"https:\/\/wismettacusa.com\/ca\/wp-json\/wp\/v2\/types\/page"}],"author":[{"embeddable":true,"href":"https:\/\/wismettacusa.com\/ca\/wp-json\/wp\/v2\/users\/3"}],"replies":[{"embeddable":true,"href":"https:\/\/wismettacusa.com\/ca\/wp-json\/wp\/v2\/comments?post=149"}],"version-history":[{"count":7,"href":"https:\/\/wismettacusa.com\/ca\/wp-json\/wp\/v2\/pages\/149\/revisions"}],"predecessor-version":[{"id":748,"href":"https:\/\/wismettacusa.com\/ca\/wp-json\/wp\/v2\/pages\/149\/revisions\/748"}],"up":[{"embeddable":true,"href":"https:\/\/wismettacusa.com\/ca\/wp-json\/wp\/v2\/pages\/27"}],"wp:attachment":[{"href":"https:\/\/wismettacusa.com\/ca\/wp-json\/wp\/v2\/media?parent=149"}],"curies":[{"name":"wp","href":"https:\/\/api.w.org\/{rel}","templated":true}]}}