{"id":147,"date":"2017-07-07T12:29:27","date_gmt":"2017-07-07T19:29:27","guid":{"rendered":"http:\/\/www.wismettacusa.com\/ca\/?page_id=147"},"modified":"2021-01-15T16:19:21","modified_gmt":"2021-01-16T00:19:21","slug":"our-products","status":"publish","type":"page","link":"https:\/\/wismettacusa.com\/ca\/fr\/our-products\/","title":{"rendered":"Nos produits"},"content":{"rendered":"<div id=\"pl-147\"  class=\"panel-layout\" ><div id=\"pg-147-0\"  class=\"panel-grid panel-no-style\" ><div id=\"pgc-147-0-0\"  class=\"panel-grid-cell\" ><div id=\"panel-147-0-0-0\" class=\"so-panel widget widget_sow-editor panel-first-child panel-last-child\" data-index=\"0\" ><div\n\t\t\t\n\t\t\tclass=\"so-widget-sow-editor so-widget-sow-editor-base\"\n\t\t\t\n\t\t>\n<div class=\"siteorigin-widget-tinymce textwidget\">\n\t<h3><a id=\"our_private_brands\"><\/a>Notre marque priv\u00e9e<\/h3>\n<p><img loading=\"lazy\" decoding=\"async\" class=\"alignnone size-full wp-image-113\" src=\"https:\/\/wismettacusa.com\/ca\/wp-content\/uploads\/2017\/06\/N-555.jpg\" alt=\"\" width=\"1560\" height=\"849\" srcset=\"https:\/\/wismettacusa.com\/ca\/wp-content\/uploads\/2017\/06\/N-555.jpg 1560w, https:\/\/wismettacusa.com\/ca\/wp-content\/uploads\/2017\/06\/N-555-300x163.jpg 300w, https:\/\/wismettacusa.com\/ca\/wp-content\/uploads\/2017\/06\/N-555-768x418.jpg 768w, https:\/\/wismettacusa.com\/ca\/wp-content\/uploads\/2017\/06\/N-555-1024x557.jpg 1024w\" sizes=\"auto, (max-width: 1560px) 100vw, 1560px\" \/><\/p>\n<\/div>\n<\/div><\/div><\/div><\/div><div id=\"pg-147-1\"  class=\"panel-grid panel-no-style\" ><div id=\"pgc-147-1-0\"  class=\"panel-grid-cell\" ><div id=\"panel-147-1-0-0\" class=\"so-panel widget widget_sow-editor panel-first-child panel-last-child\" data-index=\"1\" ><div\n\t\t\t\n\t\t\tclass=\"so-widget-sow-editor so-widget-sow-editor-base\"\n\t\t\t\n\t\t>\n<div class=\"siteorigin-widget-tinymce textwidget\">\n\t<p>Shirakiku\u00ae: Shirakiku est la marque exclusive de Wismettac Asian Foods.\u00a0 Elle comprend une vari\u00e9t\u00e9 de produits qui ont su r\u00e9pondre \u00e0 la demande du march\u00e9 Japonais aux \u00c9tats-Unis.\u00a0 Shirakiku a su se faire conna\u00eetre dans le march\u00e9 de la communaut\u00e9 Asiatique avec une puissante reconnaissance nationale de la marque en plus d\u2019une demande croissante. Shirakiku a su profiter de l\u2019augmentation des ventes des produits alimentaires Asiatiques et jouit maintenant d\u2019une popularit\u00e9 grandissante dans les \u00e9piceries et les restaurants Am\u00e9ricains.\u00a0 Le portfolio de la marque compte plus de 5,000 articles alimentaires et non alimentaires, et est synonyme des noms Wismettac Asian Foods et Nishimoto Trading, qui sont disponibles \u00e0 travers le monde.<\/p>\n<p>\u00a0<\/p>\n<p>\u00a0<\/p>\n<\/div>\n<\/div><\/div><\/div><\/div><div id=\"pg-147-2\"  class=\"panel-grid panel-no-style\" ><div id=\"pgc-147-2-0\"  class=\"panel-grid-cell\" ><div id=\"panel-147-2-0-0\" class=\"so-panel widget widget_sow-editor panel-first-child panel-last-child\" data-index=\"2\" ><div\n\t\t\t\n\t\t\tclass=\"so-widget-sow-editor so-widget-sow-editor-base\"\n\t\t\t\n\t\t>\n<div class=\"siteorigin-widget-tinymce textwidget\">\n\t<h3>\u00a0<\/h3>\n<h3><a id=\"staple_products\"><\/a>Produits de Base<\/h3>\n<p><img loading=\"lazy\" decoding=\"async\" class=\"alignnone size-full wp-image-115\" src=\"https:\/\/wismettacusa.com\/ca\/wp-content\/uploads\/2017\/06\/Basic_2_N-121.jpg\" alt=\"\" width=\"1560\" height=\"709\" srcset=\"https:\/\/wismettacusa.com\/ca\/wp-content\/uploads\/2017\/06\/Basic_2_N-121.jpg 1560w, https:\/\/wismettacusa.com\/ca\/wp-content\/uploads\/2017\/06\/Basic_2_N-121-300x136.jpg 300w, https:\/\/wismettacusa.com\/ca\/wp-content\/uploads\/2017\/06\/Basic_2_N-121-768x349.jpg 768w, https:\/\/wismettacusa.com\/ca\/wp-content\/uploads\/2017\/06\/Basic_2_N-121-1024x465.jpg 1024w\" sizes=\"auto, (max-width: 1560px) 100vw, 1560px\" \/><\/p>\n<p>Aliments Asiatiques Wismettac Inc. vend une vari\u00e9t\u00e9 de produits alimentaires de base ainsi que plusieurs marques d\u2019aliments Asiatiques (incluant notre propre marque exclusive).\u00a0 Ces produits sont disponibles dans des emballages diff\u00e9rents pour les commerces, les restaurants et les distributeurs en gros \u00e0 travers le monde. Les cat\u00e9gories de produits principaux comprennent\u00a0:<\/p>\n<p>Les Fruits de Mer\u00a0: le Thon, le Saumon, les Crevettes, le Crabe, le Kani-Kama (une imitation de crabe), le Unagi (anguille), la Pieuvre, les P\u00e9toncles, et bien plus encore.<br \/>Le Riz\u00a0: le Riz pour Sushi, le Riz Calrose, le Riz Brun, et bien plus encore.<br \/>Les Nouilles\u00a0: Ramen, Udon, Soba, et ainsi de suite \u2013 r\u00e9frig\u00e9r\u00e9es, congel\u00e9es et s\u00e8ches.<br \/>Les Aliments Pr\u00eats-\u00e0-Manger\u00a0: les gyoza, les shumai, les rouleaux imp\u00e9riaux, la Salade d\u2019Algue, et plus.<br \/>Les L\u00e9gumes et les Huiles\u00a0: l\u2019Edamame, le Gingembre, huile de soya, huile de s\u00e9same, et bien plus encore.<br \/>Les Assaisonnements et les Sauces\u00a0: le Wasabi, le Miso, le Soya, l\u2019Unagi, le Ramen, le Chili, et bien plus encore.<\/p>\n<p>\u00a0<\/p>\n<p>\u00a0<\/p>\n<\/div>\n<\/div><\/div><\/div><\/div><div id=\"pg-147-3\"  class=\"panel-grid panel-no-style\" ><div id=\"pgc-147-3-0\"  class=\"panel-grid-cell\" ><div id=\"panel-147-3-0-0\" class=\"so-panel widget widget_sow-editor panel-first-child panel-last-child\" data-index=\"3\" ><div\n\t\t\t\n\t\t\tclass=\"so-widget-sow-editor so-widget-sow-editor-base\"\n\t\t\t\n\t\t>\n<div class=\"siteorigin-widget-tinymce textwidget\">\n\t<h3><a id=\"non_foods_items\"><\/a>Articles Non-Alimentaires<\/h3>\n<\/div>\n<\/div><\/div><\/div><\/div><div id=\"pg-147-4\"  class=\"panel-grid panel-no-style\" ><div id=\"pgc-147-4-0\"  class=\"panel-grid-cell\" ><div id=\"panel-147-4-0-0\" class=\"so-panel widget widget_sow-image panel-first-child panel-last-child\" data-index=\"4\" ><div\n\t\t\t\n\t\t\tclass=\"so-widget-sow-image so-widget-sow-image-default-8b5b6f678277-147\"\n\t\t\t\n\t\t>\n<div class=\"sow-image-container\">\n\t\t<img \n\tsrc=\"https:\/\/wismettacusa.com\/ca\/wp-content\/uploads\/2017\/06\/nonfood_knife.jpg\" width=\"683\" height=\"300\" srcset=\"https:\/\/wismettacusa.com\/ca\/wp-content\/uploads\/2017\/06\/nonfood_knife.jpg 683w, https:\/\/wismettacusa.com\/ca\/wp-content\/uploads\/2017\/06\/nonfood_knife-300x132.jpg 300w\" sizes=\"(max-width: 683px) 100vw, 683px\" alt=\"\" \t\tclass=\"so-widget-image\"\/>\n\t<\/div>\n\n<\/div><\/div><\/div><div id=\"pgc-147-4-1\"  class=\"panel-grid-cell\" ><div id=\"panel-147-4-1-0\" class=\"so-panel widget widget_sow-image panel-first-child panel-last-child\" data-index=\"5\" ><div\n\t\t\t\n\t\t\tclass=\"so-widget-sow-image so-widget-sow-image-default-8b5b6f678277-147\"\n\t\t\t\n\t\t>\n<div class=\"sow-image-container\">\n\t\t<img \n\tsrc=\"https:\/\/wismettacusa.com\/ca\/wp-content\/uploads\/2017\/06\/nonfood_case.jpg\" width=\"683\" height=\"300\" srcset=\"https:\/\/wismettacusa.com\/ca\/wp-content\/uploads\/2017\/06\/nonfood_case.jpg 683w, https:\/\/wismettacusa.com\/ca\/wp-content\/uploads\/2017\/06\/nonfood_case-300x132.jpg 300w\" sizes=\"(max-width: 683px) 100vw, 683px\" alt=\"\" \t\tclass=\"so-widget-image\"\/>\n\t<\/div>\n\n<\/div><\/div><\/div><\/div><div id=\"pg-147-5\"  class=\"panel-grid panel-no-style\" ><div id=\"pgc-147-5-0\"  class=\"panel-grid-cell\" ><div id=\"panel-147-5-0-0\" class=\"so-panel widget widget_sow-editor panel-first-child panel-last-child\" data-index=\"6\" ><div\n\t\t\t\n\t\t\tclass=\"so-widget-sow-editor so-widget-sow-editor-base\"\n\t\t\t\n\t\t>\n<div class=\"siteorigin-widget-tinymce textwidget\">\n\t<p>Les Aliments Asiatiques Wismettac Inc. offrent une s\u00e9lection importante d\u2019articles non\u2011alimentaires tels que des cabarets pour sushis, des bo\u00eetes bento, des baguettes, des couteaux professionnels pour chefs et des items pour les toilettes des commerces, des restaurants, et des compagnies de vente en gros et de distribution.\u00a0 Nous les choisissons avec soin et offrons seulement ceux de la meilleure qualit\u00e9 possible afin de vous aider \u00e0 am\u00e9liorer la productivit\u00e9 de votre entreprise.<\/p>\n<p>\u00a0<\/p>\n<p>\u00a0<\/p>\n<\/div>\n<\/div><\/div><\/div><\/div><\/div>","protected":false},"excerpt":{"rendered":"<p>Notre marque priv\u00e9e Shirakiku\u00ae: Shirakiku est la marque exclusive de Wismettac Asian Foods.\u00a0 Elle comprend une vari\u00e9t\u00e9 de produits qui ont su r\u00e9pondre \u00e0 la demande du march\u00e9 Japonais aux \u00c9tats-Unis.\u00a0 Shirakiku a su se faire conna\u00eetre dans le march\u00e9 de la communaut\u00e9 Asiatique avec une puissante reconnaissance nationale de la marque en plus d\u2019une [&#8230;]<\/p>\n<p><a class=\"btn btn-secondary understrap-read-more-link\" href=\"https:\/\/wismettacusa.com\/ca\/fr\/our-products\/\">Read More&#8230;<\/a><\/p>\n","protected":false},"author":3,"featured_media":0,"parent":27,"menu_order":21,"comment_status":"closed","ping_status":"closed","template":"","meta":{"_acf_changed":false,"footnotes":"","_links_to":"","_links_to_target":""},"class_list":["post-147","page","type-page","status-publish","hentry"],"acf":[],"aioseo_notices":[],"_links":{"self":[{"href":"https:\/\/wismettacusa.com\/ca\/wp-json\/wp\/v2\/pages\/147","targetHints":{"allow":["GET"]}}],"collection":[{"href":"https:\/\/wismettacusa.com\/ca\/wp-json\/wp\/v2\/pages"}],"about":[{"href":"https:\/\/wismettacusa.com\/ca\/wp-json\/wp\/v2\/types\/page"}],"author":[{"embeddable":true,"href":"https:\/\/wismettacusa.com\/ca\/wp-json\/wp\/v2\/users\/3"}],"replies":[{"embeddable":true,"href":"https:\/\/wismettacusa.com\/ca\/wp-json\/wp\/v2\/comments?post=147"}],"version-history":[{"count":28,"href":"https:\/\/wismettacusa.com\/ca\/wp-json\/wp\/v2\/pages\/147\/revisions"}],"predecessor-version":[{"id":435,"href":"https:\/\/wismettacusa.com\/ca\/wp-json\/wp\/v2\/pages\/147\/revisions\/435"}],"up":[{"embeddable":true,"href":"https:\/\/wismettacusa.com\/ca\/wp-json\/wp\/v2\/pages\/27"}],"wp:attachment":[{"href":"https:\/\/wismettacusa.com\/ca\/wp-json\/wp\/v2\/media?parent=147"}],"curies":[{"name":"wp","href":"https:\/\/api.w.org\/{rel}","templated":true}]}}