{"id":145,"date":"2017-07-07T12:29:04","date_gmt":"2017-07-07T19:29:04","guid":{"rendered":"http:\/\/www.wismettacusa.com\/ca\/?page_id=145"},"modified":"2021-01-15T16:19:47","modified_gmt":"2021-01-16T00:19:47","slug":"our-services","status":"publish","type":"page","link":"https:\/\/wismettacusa.com\/ca\/fr\/our-services\/","title":{"rendered":"Nos services"},"content":{"rendered":"<h3>\u00a0<\/h3>\n<h3>Services de distribution alimentaire en gros<\/h3>\n<p>Nous offrons des services en gros pour les produits Japonais et Asiatiques, comme des fruits de mer Japonais et Asiatiques au Canada, et nous vendons directement aux restaurants, aux \u00e9piceries, aux supermarch\u00e9s, et aux autres commerces.<\/p>\n<p>&nbsp;<\/p>\n<h3>Services d\u2019approvisionnement, d\u2019importation et de distribution<\/h3>\n<p>Nos \u00e9quipes d\u00e9vou\u00e9es de la division des achats sont situ\u00e9es dans plusieurs pays, ce qui nous permet de nous approvisionner en produits directement des manufactures locales et \u00e0 l\u2019\u00e9tranger.\u00a0 Nous recevons ainsi un prix tr\u00e8s comp\u00e9titif, ce qui fait en sorte que nous pouvons offrir un prix abordable \u00e0 nos clients.<\/p>\n<p>Nous avons \u00e9galement b\u00e2ti une infrastructure logistique qui comprend des entrep\u00f4ts \u00e9quip\u00e9s de leur propre flotte de camions pour rejoindre la majorit\u00e9 des grands centres du Canada. Cela nous permettra de livrer les aliments et les fruits de mer congel\u00e9s Japonais et Asiatiques directement \u00e0 nos clients.\u00a0 En ayant le contr\u00f4le de l\u2019enti\u00e8ret\u00e9 de la cha\u00eene d\u2019approvisionnement, soit de la source locale jusqu\u2019\u00e0 la livraison au client, nous pouvons vous livrer les produits de fa\u00e7on efficace et dans les d\u00e9lais requis.\u00a0 Nous avons aussi la flexibilit\u00e9 n\u00e9cessaire pour nous adapter rapidement aux changements de tendance dans l\u2019industrie alimentaire.<\/p>\n<p>De plus, nos repr\u00e9sentants des ventes visitent les installations pour assurer une bonne communication et ainsi \u00e9tablir une relation solide avec vous, contrairement \u00e0 une simple commande t\u00e9l\u00e9phonique. Nous offrons un service en plusieurs langues (Anglais, Japonais, Cor\u00e9en et Chinois) dans presque toutes nos succursales, et en Fran\u00e7ais dans celle du Qu\u00e9bec.\u00a0 Nos entrep\u00f4ts maintiennent les aliments selon trois diff\u00e9rentes temp\u00e9ratures (sec, frais et congel\u00e9) dans toutes les succursales.\u00a0 Veuillez contacter les installations locales pour conna\u00eetre les r\u00e9gions o\u00f9 nous faisons la livraison.<\/p>\n<p>&nbsp;<\/p>\n","protected":false},"excerpt":{"rendered":"<p>\u00a0 Services de distribution alimentaire en gros Nous offrons des services en gros pour les produits Japonais et Asiatiques, comme des fruits de mer Japonais et Asiatiques au Canada, et nous vendons directement aux restaurants, aux \u00e9piceries, aux supermarch\u00e9s, et aux autres commerces. &nbsp; Services d\u2019approvisionnement, d\u2019importation et de distribution Nos \u00e9quipes d\u00e9vou\u00e9es de la [&#8230;]<\/p>\n<p><a class=\"btn btn-secondary understrap-read-more-link\" href=\"https:\/\/wismettacusa.com\/ca\/fr\/our-services\/\">Read More&#8230;<\/a><\/p>\n","protected":false},"author":3,"featured_media":0,"parent":27,"menu_order":22,"comment_status":"closed","ping_status":"closed","template":"page-templates\/fullwidthpage-fr.php","meta":{"_acf_changed":false,"footnotes":"","_links_to":"","_links_to_target":""},"class_list":["post-145","page","type-page","status-publish","hentry"],"acf":[],"aioseo_notices":[],"_links":{"self":[{"href":"https:\/\/wismettacusa.com\/ca\/wp-json\/wp\/v2\/pages\/145","targetHints":{"allow":["GET"]}}],"collection":[{"href":"https:\/\/wismettacusa.com\/ca\/wp-json\/wp\/v2\/pages"}],"about":[{"href":"https:\/\/wismettacusa.com\/ca\/wp-json\/wp\/v2\/types\/page"}],"author":[{"embeddable":true,"href":"https:\/\/wismettacusa.com\/ca\/wp-json\/wp\/v2\/users\/3"}],"replies":[{"embeddable":true,"href":"https:\/\/wismettacusa.com\/ca\/wp-json\/wp\/v2\/comments?post=145"}],"version-history":[{"count":15,"href":"https:\/\/wismettacusa.com\/ca\/wp-json\/wp\/v2\/pages\/145\/revisions"}],"predecessor-version":[{"id":436,"href":"https:\/\/wismettacusa.com\/ca\/wp-json\/wp\/v2\/pages\/145\/revisions\/436"}],"up":[{"embeddable":true,"href":"https:\/\/wismettacusa.com\/ca\/wp-json\/wp\/v2\/pages\/27"}],"wp:attachment":[{"href":"https:\/\/wismettacusa.com\/ca\/wp-json\/wp\/v2\/media?parent=145"}],"curies":[{"name":"wp","href":"https:\/\/api.w.org\/{rel}","templated":true}]}}